{"id":429,"date":"2025-05-03T17:10:30","date_gmt":"2025-05-03T15:10:30","guid":{"rendered":"https:\/\/remocosan.eu\/?page_id=429"},"modified":"2025-05-03T17:11:00","modified_gmt":"2025-05-03T15:11:00","slug":"datenschutzrichtlinie","status":"publish","type":"page","link":"https:\/\/remocosan.eu\/de\/politique-de-confidentialite\/","title":{"rendered":"Datenschutzrichtlinie"},"content":{"rendered":"<div data-elementor-type=\"wp-page\" data-elementor-id=\"429\" class=\"elementor elementor-429\" data-elementor-post-type=\"page\">\n\t\t\t\t<div class=\"elementor-element elementor-element-5012603b e-flex e-con-boxed e-con e-parent\" data-id=\"5012603b\" data-element_type=\"container\" data-e-type=\"container\" data-settings=\"{&quot;background_background&quot;:&quot;classic&quot;}\">\n\t\t\t\t\t<div class=\"e-con-inner\">\n\t\t\t\t<div class=\"elementor-element elementor-element-4afd232a elementor-widget elementor-widget-heading\" data-id=\"4afd232a\" data-element_type=\"widget\" data-e-type=\"widget\" data-widget_type=\"heading.default\">\n\t\t\t\t\t<h2 class=\"elementor-heading-title elementor-size-default\">Urheberrecht und Copyright<\/h2>\t\t\t\t<\/div>\n\t\t\t\t<div class=\"elementor-element elementor-element-7fec81e1 elementor-widget elementor-widget-text-editor\" data-id=\"7fec81e1\" data-element_type=\"widget\" data-e-type=\"widget\" data-widget_type=\"text-editor.default\">\n\t\t\t\t\t\t\t\t\t<p><span data-olk-copy-source=\"MessageBody\">Die gesamte Website unterliegt der franz\u00f6sischen und internationalen Gesetzgebung \u00fcber das Urheberrecht und das geistige Eigentum. Alle Vervielf\u00e4ltigungsrechte sind vorbehalten, auch f\u00fcr die herunterladbaren Dokumente und die ikonografischen und fotografischen Darstellungen. Jegliche Extraktion und\/oder Vervielf\u00e4ltigung eines wesentlichen Teils der auf der Website verbreiteten Informationen ist ohne die ausdr\u00fcckliche vorherige Genehmigung von <strong>Cotrans Asbl<\/strong> Die Entnahme und Vervielf\u00e4ltigung von Texten dieser Website auf Papier ist jedoch ausschlie\u00dflich f\u00fcr den internen Gebrauch, f\u00fcr den eigenen Bedarf des Nutzers und unter der Bedingung gestattet, dass die Quelle klar und pr\u00e4zise angegeben wird.<\/span><\/p>\t\t\t\t\t\t\t\t<\/div>\n\t\t\t\t<div class=\"elementor-element elementor-element-77d5ec33 elementor-widget elementor-widget-heading\" data-id=\"77d5ec33\" data-element_type=\"widget\" data-e-type=\"widget\" data-widget_type=\"heading.default\">\n\t\t\t\t\t<h2 class=\"elementor-heading-title elementor-size-default\">Hyperlinks<\/h2>\t\t\t\t<\/div>\n\t\t\t\t<div class=\"elementor-element elementor-element-22ec72c elementor-widget elementor-widget-text-editor\" data-id=\"22ec72c\" data-element_type=\"widget\" data-e-type=\"widget\" data-widget_type=\"text-editor.default\">\n\t\t\t\t\t\t\t\t\t<p>Remocosan haftet nicht f\u00fcr Hypertext-Links, die im Rahmen dieser Website zu anderen Ressourcen im Internet eingerichtet wurden. Wenn Sie Anmerkungen zur Funktionsweise der Website haben, schreiben Sie bitte an den Administrator der Website: pdebaere08@gmail.com<\/p>\t\t\t\t\t\t\t\t<\/div>\n\t\t\t\t\t<\/div>\n\t\t\t\t<\/div>\n\t\t\t\t<\/div>","protected":false},"excerpt":{"rendered":"<p>Droits d\u2019auteur et copyright L\u2019ensemble de ce site rel\u00e8ve de la l\u00e9gislation fran\u00e7aise et internationale sur le droit d\u2019auteur et la propri\u00e9t\u00e9 intellectuelle. Tous les droits de reproduction sont r\u00e9serv\u00e9s, y compris pour les documents t\u00e9l\u00e9chargeables et les repr\u00e9sentations iconographiques et photographiques. Toute extraction et\/ou reproduction d\u2019une partie substantielle des informations diffus\u00e9es sur le site [&hellip;]<\/p>\n","protected":false},"author":2,"featured_media":0,"parent":0,"menu_order":0,"comment_status":"closed","ping_status":"closed","template":"","meta":{"_uf_show_specific_survey":0,"_uf_disable_surveys":false,"_mc_calendar":[],"_glsr_average":0,"_glsr_ranking":0,"_glsr_reviews":0,"footnotes":""},"class_list":["post-429","page","type-page","status-publish","hentry"],"aioseo_notices":[],"_links":{"self":[{"href":"https:\/\/remocosan.eu\/de\/wp-json\/wp\/v2\/pages\/429","targetHints":{"allow":["GET"]}}],"collection":[{"href":"https:\/\/remocosan.eu\/de\/wp-json\/wp\/v2\/pages"}],"about":[{"href":"https:\/\/remocosan.eu\/de\/wp-json\/wp\/v2\/types\/page"}],"author":[{"embeddable":true,"href":"https:\/\/remocosan.eu\/de\/wp-json\/wp\/v2\/users\/2"}],"replies":[{"embeddable":true,"href":"https:\/\/remocosan.eu\/de\/wp-json\/wp\/v2\/comments?post=429"}],"version-history":[{"count":4,"href":"https:\/\/remocosan.eu\/de\/wp-json\/wp\/v2\/pages\/429\/revisions"}],"predecessor-version":[{"id":433,"href":"https:\/\/remocosan.eu\/de\/wp-json\/wp\/v2\/pages\/429\/revisions\/433"}],"wp:attachment":[{"href":"https:\/\/remocosan.eu\/de\/wp-json\/wp\/v2\/media?parent=429"}],"curies":[{"name":"wp","href":"https:\/\/api.w.org\/{rel}","templated":true}]}}