{"id":409,"date":"2025-05-03T15:43:01","date_gmt":"2025-05-03T13:43:01","guid":{"rendered":"https:\/\/remocosan.eu\/?page_id=409"},"modified":"2025-05-03T16:04:03","modified_gmt":"2025-05-03T14:04:03","slug":"rechtliche-hinweise","status":"publish","type":"page","link":"https:\/\/remocosan.eu\/de\/mentions-legales\/","title":{"rendered":"Rechtliche Hinweise"},"content":{"rendered":"<div data-elementor-type=\"wp-page\" data-elementor-id=\"409\" class=\"elementor elementor-409\" data-elementor-post-type=\"page\">\n\t\t\t\t<div class=\"elementor-element elementor-element-1b235e23 e-flex e-con-boxed e-con e-parent\" data-id=\"1b235e23\" data-element_type=\"container\" data-e-type=\"container\" data-settings=\"{&quot;background_background&quot;:&quot;classic&quot;}\">\n\t\t\t\t\t<div class=\"e-con-inner\">\n\t\t\t\t<div class=\"elementor-element elementor-element-13fea63d elementor-widget elementor-widget-heading\" data-id=\"13fea63d\" data-element_type=\"widget\" data-e-type=\"widget\" data-widget_type=\"heading.default\">\n\t\t\t\t\t<h2 class=\"elementor-heading-title elementor-size-default\">Datenschutzbeauftragter (Data Protection Officer, DPO)<\/h2>\t\t\t\t<\/div>\n\t\t\t\t<div class=\"elementor-element elementor-element-3fb168ec elementor-widget elementor-widget-text-editor\" data-id=\"3fb168ec\" data-element_type=\"widget\" data-e-type=\"widget\" data-widget_type=\"text-editor.default\">\n\t\t\t\t\t\t\t\t\t<p class=\"x_MsoNormal\" data-olk-copy-source=\"MessageBody\">Der DSB der Website ist <strong>Patrick De Baere.<\/strong> Sie k\u00f6nnen sich mit ihm in Verbindung setzen, wenn Sie Fragen zum Umgang mit personenbezogenen Daten haben.<\/p>\t\t\t\t\t\t\t\t<\/div>\n\t\t\t\t<div class=\"elementor-element elementor-element-17f87c3 elementor-widget elementor-widget-heading\" data-id=\"17f87c3\" data-element_type=\"widget\" data-e-type=\"widget\" data-widget_type=\"heading.default\">\n\t\t\t\t\t<h2 class=\"elementor-heading-title elementor-size-default\">Kontaktformular<\/h2>\t\t\t\t<\/div>\n\t\t\t\t<div class=\"elementor-element elementor-element-47f2c6a2 elementor-widget elementor-widget-text-editor\" data-id=\"47f2c6a2\" data-element_type=\"widget\" data-e-type=\"widget\" data-widget_type=\"text-editor.default\">\n\t\t\t\t\t\t\t\t\t<p><span data-olk-copy-source=\"MessageBody\">Wenn Sie uns \u00fcber das Kontaktformular auf der Website kontaktieren, werden die in das Formular eingegebenen Informationen in Form einer E-Mail in der Mailbox des Empf\u00e4ngers und auf dessen Mailserver gespeichert. Diese Informationen werden ausschlie\u00dflich zum Zweck der Kontaktaufnahme verwendet. Diese Daten werden nicht f\u00fcr kommerzielle oder Werbezwecke verwendet oder an Dritte weitergegeben.<\/span><\/p>\t\t\t\t\t\t\t\t<\/div>\n\t\t\t\t<div class=\"elementor-element elementor-element-8a1c094 elementor-widget elementor-widget-heading\" data-id=\"8a1c094\" data-element_type=\"widget\" data-e-type=\"widget\" data-widget_type=\"heading.default\">\n\t\t\t\t\t<h2 class=\"elementor-heading-title elementor-size-default\">Sicherheit der Daten<\/h2>\t\t\t\t<\/div>\n\t\t\t\t<div class=\"elementor-element elementor-element-70772595 elementor-widget elementor-widget-text-editor\" data-id=\"70772595\" data-element_type=\"widget\" data-e-type=\"widget\" data-widget_type=\"text-editor.default\">\n\t\t\t\t\t\t\t\t\t<p><span data-olk-copy-source=\"MessageBody\">Die \u00fcber die Website \u00fcbermittelten Daten <strong>www.remocosan.eu<\/strong> werden von einem Profi gesichert und verschl\u00fcsselt: SSL-Zertifikat.<\/span><\/p>\t\t\t\t\t\t\t\t<\/div>\n\t\t\t\t<div class=\"elementor-element elementor-element-7259f8e0 elementor-widget elementor-widget-heading\" data-id=\"7259f8e0\" data-element_type=\"widget\" data-e-type=\"widget\" data-widget_type=\"heading.default\">\n\t\t\t\t\t<h2 class=\"elementor-heading-title elementor-size-default\">Cookies<\/h2>\t\t\t\t<\/div>\n\t\t\t\t<div class=\"elementor-element elementor-element-1627319f elementor-widget elementor-widget-text-editor\" data-id=\"1627319f\" data-element_type=\"widget\" data-e-type=\"widget\" data-widget_type=\"text-editor.default\">\n\t\t\t\t\t\t\t\t\t<p><span data-olk-copy-source=\"MessageBody\">Diese Website verwendet Cookies, um eine Messung des Publikums zu erm\u00f6glichen. Wir verwenden Google Analytics, ein Webanalyse-Tool, das es den Eigent\u00fcmern von Websites und Anwendungen erm\u00f6glicht, das Verhalten ihrer Nutzer besser zu verstehen. Dieses Tool kann Cookies verwenden, um Informationen zu sammeln und Berichte \u00fcber die Nutzungsstatistiken einer Website zu erstellen, ohne dass die einzelnen Nutzer von Google pers\u00f6nlich identifiziert werden.<\/span><\/p>\t\t\t\t\t\t\t\t<\/div>\n\t\t\t\t\t<\/div>\n\t\t\t\t<\/div>\n\t\t\t\t<\/div>","protected":false},"excerpt":{"rendered":"<p>D\u00e9l\u00e9gu\u00e9 \u00e0 la protection des donn\u00e9es (DPO) Le DPO du site est Patrick De Baere. Vous pouvez le contacter pour toute question concernant la gestion des donn\u00e9es personnelles. Formulaire de contact Lorsque vous nous contactez par l&rsquo;interm\u00e9diaire du formulaire de contact pr\u00e9sent sur le site, les informations renseign\u00e9es dans ce formulaire sont stock\u00e9es sous forme [&hellip;]<\/p>\n","protected":false},"author":2,"featured_media":0,"parent":0,"menu_order":0,"comment_status":"closed","ping_status":"closed","template":"","meta":{"_uf_show_specific_survey":0,"_uf_disable_surveys":false,"_mc_calendar":[],"_glsr_average":0,"_glsr_ranking":0,"_glsr_reviews":0,"footnotes":""},"class_list":["post-409","page","type-page","status-publish","hentry"],"aioseo_notices":[],"_links":{"self":[{"href":"https:\/\/remocosan.eu\/de\/wp-json\/wp\/v2\/pages\/409","targetHints":{"allow":["GET"]}}],"collection":[{"href":"https:\/\/remocosan.eu\/de\/wp-json\/wp\/v2\/pages"}],"about":[{"href":"https:\/\/remocosan.eu\/de\/wp-json\/wp\/v2\/types\/page"}],"author":[{"embeddable":true,"href":"https:\/\/remocosan.eu\/de\/wp-json\/wp\/v2\/users\/2"}],"replies":[{"embeddable":true,"href":"https:\/\/remocosan.eu\/de\/wp-json\/wp\/v2\/comments?post=409"}],"version-history":[{"count":8,"href":"https:\/\/remocosan.eu\/de\/wp-json\/wp\/v2\/pages\/409\/revisions"}],"predecessor-version":[{"id":425,"href":"https:\/\/remocosan.eu\/de\/wp-json\/wp\/v2\/pages\/409\/revisions\/425"}],"wp:attachment":[{"href":"https:\/\/remocosan.eu\/de\/wp-json\/wp\/v2\/media?parent=409"}],"curies":[{"name":"wp","href":"https:\/\/api.w.org\/{rel}","templated":true}]}}