{"id":3358,"date":"2025-12-09T10:15:12","date_gmt":"2025-12-09T09:15:12","guid":{"rendered":"https:\/\/remocosan.eu\/?page_id=3358"},"modified":"2025-12-09T16:36:19","modified_gmt":"2025-12-09T15:36:19","slug":"ressources-projet","status":"publish","type":"page","link":"https:\/\/remocosan.eu\/de\/ressources-projet\/","title":{"rendered":"Ressources Projet"},"content":{"rendered":"<div data-elementor-type=\"wp-page\" data-elementor-id=\"3358\" class=\"elementor elementor-3358\" data-elementor-post-type=\"page\">\n\t\t\t\t<div class=\"elementor-element elementor-element-e9dc00c e-flex e-con-boxed e-con e-parent\" data-id=\"e9dc00c\" data-element_type=\"container\" data-e-type=\"container\">\n\t\t\t\t\t<div class=\"e-con-inner\">\n\t\t\t\t<div class=\"elementor-element elementor-element-99a1f6f elementor-widget elementor-widget-heading\" data-id=\"99a1f6f\" data-element_type=\"widget\" data-e-type=\"widget\" data-widget_type=\"heading.default\">\n\t\t\t\t\t<h2 class=\"elementor-heading-title elementor-size-default\">Ressources du projet (\u00e0 t\u00e9l\u00e9charger)<\/h2>\t\t\t\t<\/div>\n\t\t\t\t\t<\/div>\n\t\t\t\t<\/div>\n\t\t<div class=\"elementor-element elementor-element-68359be e-con-full e-flex e-con e-parent\" data-id=\"68359be\" data-element_type=\"container\" data-e-type=\"container\" data-settings=\"{&quot;background_background&quot;:&quot;classic&quot;}\">\n\t\t\t\t<div class=\"elementor-element elementor-element-c6035bf elementor-widget elementor-widget-posts\" data-id=\"c6035bf\" data-element_type=\"widget\" data-e-type=\"widget\" data-settings=\"{&quot;full_content_row_gap&quot;:{&quot;unit&quot;:&quot;px&quot;,&quot;size&quot;:0,&quot;sizes&quot;:[]}}\" data-widget_type=\"posts.full_content\">\n\t\t\t\t<div class=\"elementor-widget-container\">\n\t\t\t\t\t\t\t<div class=\"elementor-posts-container elementor-posts elementor-posts--skin-full_content elementor-grid\" role=\"list\">\n\t\t\t\t<article class=\"elementor-post elementor-grid-item post-2827 post type-post status-publish format-standard hentry category-all category-publications category-ref category-ref_remocosan category-ressources-projet tag-ref_remocosan\" role=\"listitem\">\n\t\t\t\t<div class=\"elementor-post__text\">\n\t\t<div class=\"elementor-post__content\"><style>.elementor-2827 .elementor-element.elementor-element-94a3aed{--display:flex;}.elementor-2827 .elementor-element.elementor-element-04eaf47{text-align:center;}.elementor-2827 .elementor-element.elementor-element-04eaf47 .elementor-heading-title{font-family:var( --e-global-typography-f8a9e51-font-family ), Sans-serif;font-size:var( --e-global-typography-f8a9e51-font-size );font-weight:var( --e-global-typography-f8a9e51-font-weight );line-height:var( --e-global-typography-f8a9e51-line-height );letter-spacing:var( --e-global-typography-f8a9e51-letter-spacing );word-spacing:var( --e-global-typography-f8a9e51-word-spacing );color:var( --e-global-color-primary );}.elementor-2827 .elementor-element.elementor-element-49a8ff6{width:100%;max-width:100%;}:root{--page-title-display:none;}@media(min-width:1200px){.elementor-2827 .elementor-element.elementor-element-04eaf47 .elementor-heading-title{font-size:var( --e-global-typography-f8a9e51-font-size );line-height:var( --e-global-typography-f8a9e51-line-height );letter-spacing:var( --e-global-typography-f8a9e51-letter-spacing );word-spacing:var( --e-global-typography-f8a9e51-word-spacing );}}@media(max-width:1024px){.elementor-2827 .elementor-element.elementor-element-04eaf47 .elementor-heading-title{font-size:var( --e-global-typography-f8a9e51-font-size );line-height:var( --e-global-typography-f8a9e51-line-height );letter-spacing:var( --e-global-typography-f8a9e51-letter-spacing );word-spacing:var( --e-global-typography-f8a9e51-word-spacing );}}@media(max-width:767px){.elementor-2827 .elementor-element.elementor-element-04eaf47 .elementor-heading-title{font-size:var( --e-global-typography-f8a9e51-font-size );line-height:var( --e-global-typography-f8a9e51-line-height );letter-spacing:var( --e-global-typography-f8a9e51-letter-spacing );word-spacing:var( --e-global-typography-f8a9e51-word-spacing );}}<\/style>\t\t<div data-elementor-type=\"wp-post\" data-elementor-id=\"2827\" class=\"elementor elementor-2827\" data-elementor-post-type=\"post\">\n\t\t\t\t<div class=\"elementor-element elementor-element-94a3aed e-con-full e-flex e-con e-parent\" data-id=\"94a3aed\" data-element_type=\"container\" data-e-type=\"container\">\n\t\t\t\t<div class=\"elementor-element elementor-element-04eaf47 elementor-widget elementor-widget-heading\" data-id=\"04eaf47\" data-element_type=\"widget\" data-e-type=\"widget\" data-widget_type=\"heading.default\">\n\t\t\t\t\t<h1 class=\"elementor-heading-title elementor-size-default\">20250804 REMOCOSAN - Affiche <\/h1>\t\t\t\t<\/div>\n\t\t\t\t<div class=\"elementor-element elementor-element-c6203ca elementor-widget elementor-widget-text-editor\" data-id=\"c6203ca\" data-element_type=\"widget\" data-e-type=\"widget\" data-widget_type=\"text-editor.default\">\n\t\t\t\t\t\t\t\t\t<p>Chers partenaires,\u00a0<\/p><p>Vous trouverez, en attach\u00e9, l&rsquo;affiche du projet REMOCOSAN telle qu&rsquo;elle a \u00e9t\u00e9 approuv\u00e9e par la cellule communication Interreg fin de semaine pass\u00e9e. Il y a 4 versions :<\/p><ul data-editing-info=\"{&quot;applyListStyleFromLevel&quot;:false,&quot;unorderedStyleType&quot;:2}\"><li>une version en fran\u00e7ais<\/li><li>une version en allemand<\/li><li>une version en fran\u00e7ais avec le logo wallon en bas \u00e0 droite (pour les partenaires wallons)<\/li><li>une version en allemand avec le logo wallon en bas \u00e0 droite (pour les partenaires wallons)<\/li><\/ul><p>Pour rappel et afin de respecter vos obligations en termes d&rsquo;information, de communication et de visibilit\u00e9, cette affiche doit \u00eatre accroch\u00e9e en <strong><u>version A3<\/u><\/strong>\u00a0dans un <strong><u>endroit visible du public dans vos locaux<\/u><\/strong>. Pour les partenaires wallons, cofinanc\u00e9s par la W, merci d&rsquo;accrocher une seconde affiche A3 pr\u00e9sentant le projet dans un endroit visible du public et mentionnant le cofinancement Wallon.<\/p><p>\u00a0<\/p>\t\t\t\t\t\t\t\t<\/div>\n\t\t\t\t<div class=\"elementor-element elementor-element-49a8ff6 elementor-widget__width-inherit elementor-widget elementor-widget-pdfjs-viewer\" data-id=\"49a8ff6\" data-element_type=\"widget\" data-e-type=\"widget\" data-widget_type=\"pdfjs-viewer.default\">\n\t\t\t\t<div class=\"elementor-widget-container\">\n\t\t\t\t\t<iframe width=\"1200\" height=\"600\" src=\"https:\/\/remocosan.eu\/wp-content\/plugins\/pdfjs-viewer-for-elementor\/\/assets\/js\/pdfjs\/web\/viewer.html?file=https:\/\/remocosan.eu\/wp-content\/uploads\/2025\/10\/20250804Affiche-de-projet-Projektplakat-REMOCOSAN.pdf\"><\/iframe>\t\t\t\t<\/div>\n\t\t\t\t<\/div>\n\t\t\t\t<\/div>\n\t\t\t\t<\/div>\n\t\t<\/div>\t\t<\/div>\n\t\t\t\t<\/article>\n\t\t\t\t<\/div>\n\t\t\n\t\t\t\t\t\t<\/div>\n\t\t\t\t<\/div>\n\t\t\t\t<\/div>\n\t\t\t\t<\/div>","protected":false},"excerpt":{"rendered":"<p>Ressources du projet (\u00e0 t\u00e9l\u00e9charger)<\/p>","protected":false},"author":2,"featured_media":0,"parent":0,"menu_order":0,"comment_status":"closed","ping_status":"closed","template":"","meta":{"_uf_show_specific_survey":0,"_uf_disable_surveys":false,"_mc_calendar":[],"_glsr_average":0,"_glsr_ranking":0,"_glsr_reviews":0,"footnotes":""},"class_list":["post-3358","page","type-page","status-publish","hentry"],"aioseo_notices":[],"_links":{"self":[{"href":"https:\/\/remocosan.eu\/de\/wp-json\/wp\/v2\/pages\/3358","targetHints":{"allow":["GET"]}}],"collection":[{"href":"https:\/\/remocosan.eu\/de\/wp-json\/wp\/v2\/pages"}],"about":[{"href":"https:\/\/remocosan.eu\/de\/wp-json\/wp\/v2\/types\/page"}],"author":[{"embeddable":true,"href":"https:\/\/remocosan.eu\/de\/wp-json\/wp\/v2\/users\/2"}],"replies":[{"embeddable":true,"href":"https:\/\/remocosan.eu\/de\/wp-json\/wp\/v2\/comments?post=3358"}],"version-history":[{"count":16,"href":"https:\/\/remocosan.eu\/de\/wp-json\/wp\/v2\/pages\/3358\/revisions"}],"predecessor-version":[{"id":3380,"href":"https:\/\/remocosan.eu\/de\/wp-json\/wp\/v2\/pages\/3358\/revisions\/3380"}],"wp:attachment":[{"href":"https:\/\/remocosan.eu\/de\/wp-json\/wp\/v2\/media?parent=3358"}],"curies":[{"name":"wp","href":"https:\/\/api.w.org\/{rel}","templated":true}]}}