{"id":1234,"date":"2025-06-12T12:13:30","date_gmt":"2025-06-12T10:13:30","guid":{"rendered":"https:\/\/remocosan.eu\/?page_id=1234"},"modified":"2025-11-19T18:17:21","modified_gmt":"2025-11-19T17:17:21","slug":"mt0-projekt-projektpartnerschaft","status":"publish","type":"page","link":"https:\/\/remocosan.eu\/de\/projet-mt0-partenariat-du-projet\/","title":{"rendered":"MT0-Projekt Projektpartnerschaft"},"content":{"rendered":"<div data-elementor-type=\"wp-page\" data-elementor-id=\"1234\" class=\"elementor elementor-1234\" data-elementor-post-type=\"page\">\n\t\t\t\t<div class=\"elementor-element elementor-element-4430d0c1 e-con-full e-flex e-con e-parent\" data-id=\"4430d0c1\" data-element_type=\"container\" data-e-type=\"container\">\n\t\t\t\t<div class=\"elementor-element elementor-element-16be587d elementor-widget__width-inherit elementor-widget elementor-widget-flex-hero\" data-id=\"16be587d\" data-element_type=\"widget\" data-e-type=\"widget\" data-settings=\"{&quot;primary_button_shape&quot;:&quot;round&quot;,&quot;image_shape&quot;:&quot;custom&quot;,&quot;layout_preset&quot;:&quot;storytelling&quot;,&quot;box_shape&quot;:&quot;sharp&quot;}\" data-widget_type=\"flex-hero.default\">\n\t\t\t\t<div class=\"elementor-widget-container\">\n\t\t\t\t\t\t\t<div class=\"has-shape-sharp shape-type-box ehp-flex-hero has-layout-preset-storytelling\">\n\t\t\t\t\t\t<div class=\"ehp-flex-hero__overlay\"><\/div>\n\t\t\t<div class=\"ehp-flex-hero__content-container\">\n\t\t\t\t<h1 class=\"ehp-flex-hero__heading\"> Projektpartnerschaft<\/h1>\t\t\t<div class=\"ehp-flex-hero__ctas-container\">\n\t\t\t\t\t\t\t\t\t\t\t<\/div>\n\t\t\t\t\t<\/div>\n\t\t\t\t<div class=\"ehp-flex-hero__image-wrapper\">\n\t\t\t\t\t<div class=\"ehp-image ehp-flex-hero__image-container\">\n\t\t\t\t<img decoding=\"async\" class=\"ehp-image__img ehp-flex-hero__img has-shape-custom shape-type-image\" src=\"https:\/\/remocosan.eu\/wp-content\/uploads\/2025\/06\/20250616teamwork.webp\" title=\"20250616teamwork\" alt=\"20250616teamwork\" loading=\"lazy\" \/>\t\t\t<\/div>\n\t\t\t\t\t<\/div>\n\t\t\t\t<\/div>\n\t\t\t\t\t\t<\/div>\n\t\t\t\t<\/div>\n\t\t\t\t<\/div>\n\t\t<div class=\"elementor-element elementor-element-5e9f84e e-con-full e-flex e-con e-parent\" data-id=\"5e9f84e\" data-element_type=\"container\" data-e-type=\"container\" data-settings=\"{&quot;background_background&quot;:&quot;gradient&quot;,&quot;shape_divider_top&quot;:&quot;waves&quot;}\">\n\t\t\t\t<div class=\"elementor-shape elementor-shape-top\" aria-hidden=\"true\" data-negative=\"false\">\n\t\t\t<svg xmlns=\"http:\/\/www.w3.org\/2000\/svg\" viewbox=\"0 0 1000 100\" preserveaspectratio=\"none\">\n\t<path class=\"elementor-shape-fill\" d=\"M421.9,6.5c22.6-2.5,51.5,0.4,75.5,5.3c23.6,4.9,70.9,23.5,100.5,35.7c75.8,32.2,133.7,44.5,192.6,49.7\tc23.6,2.1,48.7,3.5,103.4-2.5c54.7-6,106.2-25.6,106.2-25.6V0H0v30.3c0,0,72,32.6,158.4,30.5c39.2-0.7,92.8-6.7,134-22.4\tc21.2-8.1,52.2-18.2,79.7-24.2C399.3,7.9,411.6,7.5,421.9,6.5z\"\/>\n<\/svg>\t\t<\/div>\n\t\t<div class=\"elementor-element elementor-element-4906898 e-con-full e-flex e-con e-child\" data-id=\"4906898\" data-element_type=\"container\" data-e-type=\"container\">\n\t\t\t\t<div class=\"elementor-element elementor-element-c602fda elementor-widget elementor-widget-cta\" data-id=\"c602fda\" data-element_type=\"widget\" data-e-type=\"widget\" data-settings=\"{&quot;primary_button_shape&quot;:&quot;round&quot;,&quot;layout_preset&quot;:&quot;focus&quot;,&quot;cta_vertical_position&quot;:&quot;start&quot;,&quot;secondary_button_shape&quot;:&quot;default&quot;,&quot;box_shape&quot;:&quot;sharp&quot;}\" data-widget_type=\"cta.default\">\n\t\t\t\t<div class=\"elementor-widget-container\">\n\t\t\t\t\t\t\t<div class=\"has-shape-sharp shape-type-box ehp-cta has-preset-focus\">\n\t\t\t<div class=\"ehp-cta__overlay\"><\/div>\n\t\t\t<div class=\"ehp-cta__elements-container\">\n\t\t\t\t\t\t<div class=\"ehp-cta__text-container\">\n\t\t\t<h1 class=\"ehp-cta__heading\"> Projektpartnerschaft<\/h1>\t\t<\/div>\n\t\t\t\t\t<div class=\"ehp-cta__ctas-container\">\n\t\t\t\t<div class=\"ehp-cta__buttons-wrapper\">\n\t\t\t\t\t\t\t\t\t\t\t\t\t\t<\/div>\n\t\t\t<\/div>\n\t\t\t\t\t<\/div>\n\t\t<\/div>\n\t\t\t\t\t\t<\/div>\n\t\t\t\t<\/div>\n\t\t\t\t<div class=\"elementor-element elementor-element-739211f elementor-widget elementor-widget-text-editor\" data-id=\"739211f\" data-element_type=\"widget\" data-e-type=\"widget\" data-widget_type=\"text-editor.default\">\n\t\t\t\t\t\t\t\t\t<p>Le consortium est compos\u00e9 de 39 partenaires (21 op\u00e9rateurs et 18 partenaires m\u00e9thodologiques) dont les profils sont compl\u00e9mentaires pour assurer une r\u00e9flexion la plus riche et transdisciplinaire sur les sujets d\u00e9velopp\u00e9s (centres d\u2019enseignements et de recherche, autorit\u00e9s publiques, observatoires de la sant\u00e9, structures de sant\u00e9, association de patients, caisses d\u2019assurance maladie).<br \/>Die Vielfalt dieser Partner bietet die Gew\u00e4hr, dass die gesteckten Ziele erreicht werden. Der interregionale Charakter wird ebenfalls gewahrt, da wir Partner haben, die \u00fcber die f\u00f6rderf\u00e4higen Regionen der vier L\u00e4nder der Gro\u00dfregion verteilt sind.<br \/>Der Bereich \"Entwicklung der Zusammenarbeit im Gesundheitswesen\" bringt die Partner zusammen, die f\u00fcr die Einrichtung von Kooperationsinstrumenten ausschlie\u00dflich auf belgischem, deutschem und luxemburgischem Staatsgebiet erforderlich sind: die von der grenz\u00fcberschreitenden Gesundheitsversorgung betroffenen Strukturen und Gesundheitsfachkr\u00e4fte, Vertreter der Nutzer und die Gesundheitsbeh\u00f6rden (siehe Karteikarten \"Akteure\").<br \/>Dieser Teil wird unter der Verantwortung des Europ\u00e4ischen Observatoriums f\u00fcr grenz\u00fcberschreitende Gesundheit (OEST) stehen, das \u00fcber ein breites Fachwissen bei der Entwicklung von Instrumenten f\u00fcr die grenz\u00fcberschreitende Zusammenarbeit im Gesundheitsbereich verf\u00fcgt.<br \/>Der Teilbereich \"Palliativpflege\" bringt die Akteure zusammen, die diese Aufgabe in den Gebieten, aus denen die Gro\u00dfregion besteht, bereits auf spezialisierte Weise wahrnehmen, um eine Bestandsaufnahme der Situation (Angebot, Nachfrage) durchzuf\u00fchren und gute Praktiken auszutauschen, um Entwicklungswege und Strategien zur<br \/>Abdeckung des Bedarfs an Palliativversorgung innerhalb der Gro\u00dfregion.<br \/>Die Struktur Vivalia wird der Hauptverantwortliche f\u00fcr diesen Bereich sein und Akteure umfassen, die f\u00fcr ihr Fachwissen und ihre Aktionen in diesem Bereich und insbesondere bei der Entwicklung des Austauschs von Erfahrungen und Praktiken sowie der Ausbildung im Bereich der Palliativversorgung rechtm\u00e4\u00dfig anerkannt sind.<br \/>Die Lehr- und Forschungseinrichtungen und die Ressourcenzentren f\u00fcr PTA werden f\u00fcr den Teil zust\u00e4ndig sein, der der St\u00e4rkung des \"pr\u00e4ventiven Ansatzes durch therapeutische Erziehung\" in GR gewidmet ist.<br \/>Die Universit\u00e4t L\u00fcttich wird als federf\u00fchrender Empf\u00e4nger diesen thematischen Schwerpunkt leiten, in dem sie seit mehreren Jahren Expertise (Forschung, Lehre, Praxis) entwickelt.<br \/>Die regionalen Gesundheitsministerien und\/oder ihre Verwaltungen sind ebenfalls Partner als notwendige Interessengruppen, um die Nachhaltigkeit der Ma\u00dfnahmen zu gew\u00e4hrleisten.<br \/>Die Vertreter der Nutzer von Gesundheitsdiensten werden es erm\u00f6glichen, die Sicht der Patienten und Nutzer in alle von den Partnern durchgef\u00fchrten Arbeiten einzubeziehen.<br \/>Die Verwaltung und Koordination des Projekts wird dem federf\u00fchrenden Empf\u00e4nger (ULi\u00e8ge) anvertraut und mit OEST geteilt, die gemeinsam von einer sehr gro\u00dfen Erfahrung in der Leitung von Projekten im Rahmen fr\u00fcherer INTERREG GR-Programme (APPS, EDUDORA\u00b2) und der Unterst\u00fctzung von Akteuren profitieren, die ebenfalls viel Erfahrung in der Verwaltung dieser Art von Programmen haben.<br \/>Die Koordination der verschiedenen Arbeitspakete, die zur Erreichung der Projektziele und zur Umsetzung der geplanten Ma\u00dfnahmen gebildet werden, wird speziellen Operatoren \u00fcbertragen, die Erfahrung mit der Verwaltung dieser Art von Projekten haben und \u00fcber die notwendige Legitimit\u00e4t f\u00fcr einen reibungslosen Ablauf der Arbeiten verf\u00fcgen.<\/p>\t\t\t\t\t\t\t\t<\/div>\n\t\t\t\t<\/div>\n\t\t<div class=\"elementor-element elementor-element-877f0e6 e-con-full e-flex e-con e-child\" data-id=\"877f0e6\" data-element_type=\"container\" data-e-type=\"container\">\n\t\t\t\t<div class=\"elementor-element elementor-element-c2026c6 elementor-widget elementor-widget-image\" data-id=\"c2026c6\" data-element_type=\"widget\" data-e-type=\"widget\" data-widget_type=\"image.default\">\n\t\t\t\t\t\t\t\t\t\t\t\t\t\t\t<img decoding=\"async\" width=\"206\" height=\"191\" src=\"https:\/\/remocosan.eu\/wp-content\/uploads\/2025\/06\/partenariat1.webp\" class=\"attachment-full size-full wp-image-1242\" alt=\"\" srcset=\"https:\/\/remocosan.eu\/wp-content\/uploads\/2025\/06\/partenariat1.webp 206w, https:\/\/remocosan.eu\/wp-content\/uploads\/2025\/06\/partenariat1-13x12.webp 13w\" sizes=\"(max-width: 206px) 100vw, 206px\" \/>\t\t\t\t\t\t\t\t\t\t\t\t\t\t\t<\/div>\n\t\t\t\t<\/div>\n\t\t\t\t<\/div>\n\t\t\t\t<\/div>","protected":false},"excerpt":{"rendered":"<p>Partenariat du projet Partenariat du projet Le consortium est compos\u00e9 de 39 partenaires (21 op\u00e9rateurs et 18 partenaires m\u00e9thodologiques) dont les profils sont compl\u00e9mentaires pour assurer une r\u00e9flexion la plus riche et transdisciplinaire sur les sujets d\u00e9velopp\u00e9s (centres d\u2019enseignements et de recherche, autorit\u00e9s publiques, observatoires de la sant\u00e9, structures de sant\u00e9, association de patients, caisses [&hellip;]<\/p>\n","protected":false},"author":2,"featured_media":0,"parent":0,"menu_order":0,"comment_status":"closed","ping_status":"closed","template":"elementor_header_footer","meta":{"_uf_show_specific_survey":0,"_uf_disable_surveys":false,"_mc_calendar":[],"_glsr_average":0,"_glsr_ranking":0,"_glsr_reviews":0,"footnotes":""},"class_list":["post-1234","page","type-page","status-publish","hentry"],"aioseo_notices":[],"_links":{"self":[{"href":"https:\/\/remocosan.eu\/de\/wp-json\/wp\/v2\/pages\/1234","targetHints":{"allow":["GET"]}}],"collection":[{"href":"https:\/\/remocosan.eu\/de\/wp-json\/wp\/v2\/pages"}],"about":[{"href":"https:\/\/remocosan.eu\/de\/wp-json\/wp\/v2\/types\/page"}],"author":[{"embeddable":true,"href":"https:\/\/remocosan.eu\/de\/wp-json\/wp\/v2\/users\/2"}],"replies":[{"embeddable":true,"href":"https:\/\/remocosan.eu\/de\/wp-json\/wp\/v2\/comments?post=1234"}],"version-history":[{"count":17,"href":"https:\/\/remocosan.eu\/de\/wp-json\/wp\/v2\/pages\/1234\/revisions"}],"predecessor-version":[{"id":3066,"href":"https:\/\/remocosan.eu\/de\/wp-json\/wp\/v2\/pages\/1234\/revisions\/3066"}],"wp:attachment":[{"href":"https:\/\/remocosan.eu\/de\/wp-json\/wp\/v2\/media?parent=1234"}],"curies":[{"name":"wp","href":"https:\/\/api.w.org\/{rel}","templated":true}]}}